{"id":3878,"date":"2025-11-02T05:50:44","date_gmt":"2025-11-02T10:50:44","guid":{"rendered":"https:\/\/accefyn.org.co\/academia-joven\/?page_id=3878"},"modified":"2025-11-02T05:51:24","modified_gmt":"2025-11-02T10:51:24","slug":"estatutos","status":"publish","type":"page","link":"https:\/\/accefyn.org.co\/academia-joven\/estatutos\/","title":{"rendered":"Estatutos"},"content":{"rendered":"\t\t<div data-elementor-type=\"wp-page\" data-elementor-id=\"3878\" class=\"elementor elementor-3878\" data-elementor-post-type=\"page\">\n\t\t\t\t\t\t<section class=\"elementor-section elementor-top-section elementor-element elementor-element-56d7609d elementor-section-boxed elementor-section-height-default elementor-section-height-default\" data-id=\"56d7609d\" data-element_type=\"section\">\n\t\t\t\t\t\t<div class=\"elementor-container elementor-column-gap-default\">\n\t\t\t\t\t<div class=\"elementor-column elementor-col-100 elementor-top-column elementor-element elementor-element-70d70f2e\" data-id=\"70d70f2e\" data-element_type=\"column\">\n\t\t\t<div class=\"elementor-widget-wrap elementor-element-populated\">\n\t\t\t\t\t\t<div class=\"elementor-element elementor-element-5dabb611 elementor-widget elementor-widget-spacer\" data-id=\"5dabb611\" data-element_type=\"widget\" data-widget_type=\"spacer.default\">\n\t\t\t\t<div class=\"elementor-widget-container\">\n\t\t\t\t\t\t\t<div class=\"elementor-spacer\">\n\t\t\t<div class=\"elementor-spacer-inner\"><\/div>\n\t\t<\/div>\n\t\t\t\t\t\t<\/div>\n\t\t\t\t<\/div>\n\t\t\t\t<div class=\"elementor-element elementor-element-6177e5c1 elementor-widget elementor-widget-text-editor\" data-id=\"6177e5c1\" data-element_type=\"widget\" data-widget_type=\"text-editor.default\">\n\t\t\t\t<div class=\"elementor-widget-container\">\n\t\t\t\t\t\t\t\t\t<p>Estatutos<\/p>\t\t\t\t\t\t\t\t<\/div>\n\t\t\t\t<\/div>\n\t\t\t\t\t<\/div>\n\t\t<\/div>\n\t\t\t\t\t<\/div>\n\t\t<\/section>\n\t\t\t\t<section class=\"elementor-section elementor-top-section elementor-element elementor-element-225e0a82 elementor-section-boxed elementor-section-height-default elementor-section-height-default\" data-id=\"225e0a82\" data-element_type=\"section\">\n\t\t\t\t\t\t<div class=\"elementor-container elementor-column-gap-default\">\n\t\t\t\t\t<div class=\"elementor-column elementor-col-100 elementor-top-column elementor-element elementor-element-1bcf4a05\" data-id=\"1bcf4a05\" data-element_type=\"column\">\n\t\t\t<div class=\"elementor-widget-wrap elementor-element-populated\">\n\t\t\t\t\t\t<div class=\"elementor-element elementor-element-37134ec2 elementor-widget__width-initial elementor-widget elementor-widget-text-editor\" data-id=\"37134ec2\" data-element_type=\"widget\" data-widget_type=\"text-editor.default\">\n\t\t\t\t<div class=\"elementor-widget-container\">\n\t\t\t\t\t\t\t\t\t<p><strong>ACADEMIA COLOMBIANA DE CIENCIAS EXACTAS, F\u00cdSICAS Y NATUARLES<\/strong><\/p><p><strong>ACADEMIA JOVEN ESTATUTOS<\/strong><\/p><p><strong>CAP\u00cdTULO I: DEFINICI\u00d3N<\/strong><\/p><p><strong>Art\u00edculo 1\u00ba<\/strong>. La Academia Joven es una Comisi\u00f3n Especial de la Academia Colombiana de Ciencias Exactas, F\u00edsicas y Naturales, establecida por resoluci\u00f3n 03 de 2019 de la Junta Directiva, conformada por artistas y cient\u00edficos j\u00f3venes con m\u00e9ritos en su desempe\u00f1o profesional; es un espacio de convergencia en el que se pueden integrar creativamente diferencias intelectuales, culturales y sociales. A partir de un di\u00e1logo interdisciplinar de j\u00f3venes investigadores, se busca facilitar la apropiaci\u00f3n social de la ciencia, nuevas estrategias cient\u00edficas y abrir la puerta a nuevas colaboraciones orientadas a generar y desarrollar proyectos, y a apoyar nuevos enfoques para resolver problemas de importancia nacional e internacional. La Academia Joven est\u00e1 orientada a complementar los espacios de actuaci\u00f3n de la Academia para apoyarla en el cumplimiento de los objetivos de su quehacer misional.<\/p><p><strong>CAP\u00cdTULO II: MISI\u00d3N<\/strong><\/p><p><strong>Art\u00edculo 2\u00ba<\/strong>. Con el fin de brindar nuevas perspectivas a la Academia Colombiana de Ciencias Exactas, F\u00edsicas y Naturales, la Academia Joven se enfocar\u00e1 principalmente en las siguientes l\u00edneas misionales: divulgaci\u00f3n y promoci\u00f3n de la ciencia y la tecnolog\u00eda; intercambio interdisciplinario; pol\u00edtica cient\u00edfica; e inserci\u00f3n en la vida cient\u00edfica.<\/p><p><strong>CAP\u00cdTULO III: VISI\u00d3N<\/strong><\/p><p><strong>Art\u00edculo 3\u00ba<\/strong>. La Academia Joven ser\u00e1 un referente en la divulgaci\u00f3n y promoci\u00f3n de la ciencia, el intercambio disciplinario, la pol\u00edtica cient\u00edfica y la inserci\u00f3n de j\u00f3venes investigadores. Crear\u00e1 y participar\u00e1 espacios para la interdisciplinariedad, a trav\u00e9s de la convergencia de artistas y cient\u00edficos j\u00f3venes, con representaci\u00f3n equitativa regional, disciplinaria y de g\u00e9nero.<\/p><p><strong>CAP\u00cdTULO IV: OBJETIVOS<\/strong><\/p><p><strong>Art\u00edculo 4\u00ba<\/strong>. La Academia Joven tiene por objeto facilitar nuevas estrategias cient\u00edficas e incentivar colaboraciones orientadas a generar y desarrollar proyectos, y a proponer y apoyar nuevos enfoques para resolver problemas de importancia nacional e internacional.<\/p><p><strong>Art\u00edculo 5\u00ba<\/strong>. La Academia Joven busca propiciar el debate ante propuestas relacionadas con pol\u00edticas p\u00fablicas de la ciencia, tecnolog\u00eda e innovaci\u00f3n y divulgar el contenido de dichas pol\u00edticas.<\/p><p><strong>Art\u00edculo 6\u00ba.<\/strong> La Academia Joven promover\u00e1 la divulgaci\u00f3n y la apropiaci\u00f3n de la ciencia como elemento de cultura y desarrollo econ\u00f3mico y social, haciendo \u00e9nfasis en desarrollos nacionales.<\/p><p><strong>Art\u00edculo 7\u00ba<\/strong>. La Academia Joven promover\u00e1 el intercambio de conocimiento cient\u00edfico, social y cultural, estableciendo v\u00ednculos con cient\u00edficos en el exterior, incluyendo la di\u00e1spora cient\u00edfica colombiana.<\/p><p><strong>Art\u00edculo 8\u00ba<\/strong>. La Academia Joven identificar\u00e1 los problemas, oportunidades y retos de los j\u00f3venes cient\u00edficos en el inicio de su carrera y ofrecer\u00e1 orientaciones para abordarlos.<\/p><p><strong>Art\u00edculo 9\u00ba<\/strong>. La Academia Joven apoyar\u00e1 el quehacer misional de la Academia y sus cap\u00edtulos regionales.<\/p><p><strong>CAP\u00cdTULO V: DE LOS MIEMBROS DE LA ACADEMIA JOVEN<\/strong><\/p><p><strong>Art\u00edculo 10\u00b0<\/strong>. Los miembros de la Academia Joven se denominan miembros y son elegidos por un comit\u00e9 interno. La selecci\u00f3n de los nuevos miembros se basar\u00e1 en los logros de los candidatos, sus publicaciones y\/o actividades cient\u00edficas, acad\u00e9micas y de proyecci\u00f3n en su contexto social, as\u00ed como en su disposici\u00f3n a contribuir a la Academia. El comit\u00e9 de selecci\u00f3n buscar\u00e1 maximizar la amplitud de la representaci\u00f3n regional e internacional, disciplinaria y de g\u00e9nero.<\/p><p><strong>Art\u00edculo 11\u00b0<\/strong>. Podr\u00e1n ser elegidos miembros de la Academia Joven artistas y cient\u00edficos menores de 45 a\u00f1os. Los nuevos miembros ser\u00e1n propuestos por un Acad\u00e9mico o por un miembro de la Academia Joven y tambi\u00e9n se podr\u00e1n autopostular.<\/p><p>Par\u00e1grafo: En el caso de las autopostulaciones, los candidatos deber\u00e1n adjuntar dos cartas de recomendaci\u00f3n acad\u00e9mica.<\/p><p>Par\u00e1grafo: En el caso que un aspirante supere la edad de 45 a\u00f1os, se invitan aplicaciones con justificaci\u00f3n y el Comit\u00e9 las evaluar\u00e1.<\/p><p><strong>Art\u00edculo 12\u00ba<\/strong>. Los miembros de la Academia Joven estar\u00e1n vinculados por un periodo de cinco a\u00f1os, no renovable. Despu\u00e9s de este periodo los miembros se convierten en exmiembros de la Academia Joven.<\/p><p><strong>Art\u00edculo 13\u00b0<\/strong>. El comit\u00e9 de selecci\u00f3n estar\u00e1 conformado por 5 miembros de la Academia Joven que realizar\u00e1n el proceso de evaluaci\u00f3n de las hojas de vida de los candidatos presentados en dos momentos del a\u00f1o.<\/p><p>Par\u00e1grafo. La metodolog\u00eda del comit\u00e9 de evaluaci\u00f3n integra la valoraci\u00f3n de criterios como \u00e1rea de formaci\u00f3n, trayectoria acad\u00e9mica, experiencia acad\u00e9mica en relaci\u00f3n con la Academia Joven, participaci\u00f3n en redes acad\u00e9micas, participaci\u00f3n en actividades de apropiaci\u00f3n social del conocimiento, fortalecimiento de la Academia Joven en regiones, y potencial de colaboraci\u00f3n con la misi\u00f3n de la Academia Joven.<\/p><p><strong>Par\u00e1grafo<\/strong>. La metodolog\u00eda del comit\u00e9 de evaluaci\u00f3n podr\u00e1 considerar aspectos relevantes de la vida personal de los aspirantes en la evaluaci\u00f3n de su trayectoria acad\u00e9mica.<\/p><p><strong>Art\u00edculo 15\u00b0<\/strong>. Un miembro puede renunciar a ser parte de la Academia Joven en cualquier momento por medio de comunicaci\u00f3n escrita.<\/p><p>Par\u00e1grafo. Una vez durante el per\u00edodo de afiliaci\u00f3n, un miembro puede tomarse una licencia de hasta un a\u00f1o de duraci\u00f3n de la afiliaci\u00f3n activa, si no puede contribuir a las actividades de Academia Joven debido a acontecimientos bien justificados, notificando por escrito esta solicitud.<\/p><p><strong>Art\u00edculo 16\u00b0<\/strong>. La Academia Joven podr\u00e1 contar con asesor\u00eda de la Academia.<\/p><p><strong>CAP\u00cdTULO VI: DE LAS OBLIGACIONES Y DERECHOS DE LOS MIEMBROS DE LA ACADEMIA JOVEN<\/strong><\/p><p><strong>Art\u00edculo 17\u00ba<\/strong>. Son deberes de los miembros conocer y cumplir los estatutos de la Academia Joven, contribuir al logro de sus objetivos, asistir a las sesiones, colaborar y participar en sus tareas y actividades, y cooperar en el mantenimiento de un clima de mutuo respeto entre todos los miembros.<\/p><p><strong>Art\u00edculo 18\u00ba<\/strong>. Perder\u00e1 la condici\u00f3n de miembro quien lesione gravemente la dignidad de la comisi\u00f3n y de la Academia. La decisi\u00f3n la tomar\u00e1n los integrantes de la Academia Joven en consulta con la Academia.<\/p><p><strong>Art\u00edculo 19\u00b0<\/strong>. Son derechos de los miembros de la Academia Joven los siguientes: (i) Ser miembro de la Academia Joven y referenciar como tal en donde sea procedente, (ii) Participar de las actividades de la Academia Joven, (iii) Tener voz y voto en la sesiones y reuniones de la Academia Joven.<\/p><p><strong>CAP\u00cdTULO VII: DE LA ORGANIZACI\u00d3N DE LA ACADEMIA JOVEN<\/strong><\/p><p><strong>Art\u00edculo 20\u00ba<\/strong>. La Academia Joven se encargar\u00e1 de concebir la estructura y funcionamiento de la organizaci\u00f3n, definir\u00e1 los objetivos a corto y mediano plazo, y establecer\u00e1 las \u00e1reas de trabajo que considere prioritarias.<\/p><p><strong>Art\u00edculo 21\u00ba<\/strong>. La asistencia a las sesiones de la Academia Joven podr\u00e1 ser presencial o no presencial; habr\u00e1 asistencia no presencial a la asamblea cuando por medio de tecnolog\u00edas apropiadas sus miembros puedan deliberar y decidir por comunicaci\u00f3n sincr\u00f3nica o participar con su voto en la toma de decisiones de la Academia Joven. Los miembros se reunir\u00e1n al menos dos veces al a\u00f1o.<\/p><p><strong>Art\u00edculo 22\u00ba<\/strong>. La Academia Joven establecer\u00e1 comit\u00e9s de trabajo correspondiente al n\u00famero de l\u00edneas misionales, para el desarrollo y cumplimiento de sus objetivos de divulgaci\u00f3n y apropiaci\u00f3n de la ciencia, pol\u00edtica cient\u00edfica e intercambio interdisciplinario, y adem\u00e1s para otras misiones espec\u00edficas. Cada comit\u00e9 de trabajo contar\u00e1 con un representante principal y un suplente.<\/p><p><strong>Art\u00edculo 23\u00b0<\/strong>. La Academia Joven contar\u00e1 con dos representantes que ser\u00e1n elegidos por los miembros por un periodo de un a\u00f1o renovable hasta un periodo adicional.<\/p><p><strong>CAP\u00cdTULO VIII: DISPOSICIONES VARIAS<\/strong><\/p><p><strong>Art\u00edculo 24\u00b0<\/strong>. Estos estatutos podr\u00e1n ser modificados a necesidad en sesi\u00f3n de la Academia Joven.<\/p><p><strong>Art\u00edculo 25\u00ba<\/strong>. El presente estatuto empezar\u00e1 a regir en la fecha de su aprobaci\u00f3n.<\/p><p>Bogot\u00e1, D.C., diciembre de 2021<\/p>\t\t\t\t\t\t\t\t<\/div>\n\t\t\t\t<\/div>\n\t\t\t\t<div class=\"elementor-element elementor-element-71066bb2 elementor-widget elementor-widget-spacer\" data-id=\"71066bb2\" data-element_type=\"widget\" data-widget_type=\"spacer.default\">\n\t\t\t\t<div class=\"elementor-widget-container\">\n\t\t\t\t\t\t\t<div class=\"elementor-spacer\">\n\t\t\t<div class=\"elementor-spacer-inner\"><\/div>\n\t\t<\/div>\n\t\t\t\t\t\t<\/div>\n\t\t\t\t<\/div>\n\t\t\t\t\t<\/div>\n\t\t<\/div>\n\t\t\t\t\t<\/div>\n\t\t<\/section>\n\t\t\t\t<\/div>\n\t\t","protected":false},"excerpt":{"rendered":"<p>Estatutos ACADEMIA COLOMBIANA DE CIENCIAS EXACTAS, F\u00cdSICAS Y NATUARLES ACADEMIA JOVEN ESTATUTOS CAP\u00cdTULO I: DEFINICI\u00d3N Art\u00edculo 1\u00ba. La Academia Joven es una Comisi\u00f3n Especial de la Academia Colombiana de Ciencias Exactas, F\u00edsicas y Naturales, establecida por resoluci\u00f3n 03 de 2019 de la Junta Directiva, conformada por artistas y cient\u00edficos j\u00f3venes [&hellip;]<\/p>\n","protected":false},"author":1,"featured_media":0,"parent":0,"menu_order":0,"comment_status":"closed","ping_status":"closed","template":"elementor_canvas","meta":{"_acf_changed":false,"footnotes":""},"class_list":["post-3878","page","type-page","status-publish","hentry"],"acf":[],"_links":{"self":[{"href":"https:\/\/accefyn.org.co\/academia-joven\/wp-json\/wp\/v2\/pages\/3878","targetHints":{"allow":["GET"]}}],"collection":[{"href":"https:\/\/accefyn.org.co\/academia-joven\/wp-json\/wp\/v2\/pages"}],"about":[{"href":"https:\/\/accefyn.org.co\/academia-joven\/wp-json\/wp\/v2\/types\/page"}],"author":[{"embeddable":true,"href":"https:\/\/accefyn.org.co\/academia-joven\/wp-json\/wp\/v2\/users\/1"}],"replies":[{"embeddable":true,"href":"https:\/\/accefyn.org.co\/academia-joven\/wp-json\/wp\/v2\/comments?post=3878"}],"version-history":[{"count":4,"href":"https:\/\/accefyn.org.co\/academia-joven\/wp-json\/wp\/v2\/pages\/3878\/revisions"}],"predecessor-version":[{"id":3882,"href":"https:\/\/accefyn.org.co\/academia-joven\/wp-json\/wp\/v2\/pages\/3878\/revisions\/3882"}],"wp:attachment":[{"href":"https:\/\/accefyn.org.co\/academia-joven\/wp-json\/wp\/v2\/media?parent=3878"}],"curies":[{"name":"wp","href":"https:\/\/api.w.org\/{rel}","templated":true}]}}