{"id":3840,"date":"2025-11-02T05:39:53","date_gmt":"2025-11-02T10:39:53","guid":{"rendered":"https:\/\/accefyn.org.co\/academia-joven\/?page_id=3840"},"modified":"2025-11-02T05:40:44","modified_gmt":"2025-11-02T10:40:44","slug":"postulacion","status":"publish","type":"page","link":"https:\/\/accefyn.org.co\/academia-joven\/postulacion\/","title":{"rendered":"Postulaci\u00f3n"},"content":{"rendered":"\t\t<div data-elementor-type=\"wp-page\" data-elementor-id=\"3840\" class=\"elementor elementor-3840\" data-elementor-post-type=\"page\">\n\t\t\t\t\t\t<section class=\"elementor-section elementor-top-section elementor-element elementor-element-77a6845e elementor-section-boxed elementor-section-height-default elementor-section-height-default\" data-id=\"77a6845e\" data-element_type=\"section\">\n\t\t\t\t\t\t<div class=\"elementor-container elementor-column-gap-default\">\n\t\t\t\t\t<div class=\"elementor-column elementor-col-100 elementor-top-column elementor-element elementor-element-7e8d2d0e\" data-id=\"7e8d2d0e\" data-element_type=\"column\">\n\t\t\t<div class=\"elementor-widget-wrap elementor-element-populated\">\n\t\t\t\t\t\t<div class=\"elementor-element elementor-element-2a0b08c6 elementor-widget elementor-widget-spacer\" data-id=\"2a0b08c6\" data-element_type=\"widget\" data-widget_type=\"spacer.default\">\n\t\t\t\t<div class=\"elementor-widget-container\">\n\t\t\t\t\t\t\t<div class=\"elementor-spacer\">\n\t\t\t<div class=\"elementor-spacer-inner\"><\/div>\n\t\t<\/div>\n\t\t\t\t\t\t<\/div>\n\t\t\t\t<\/div>\n\t\t\t\t<div class=\"elementor-element elementor-element-18a3015b elementor-widget elementor-widget-text-editor\" data-id=\"18a3015b\" data-element_type=\"widget\" data-widget_type=\"text-editor.default\">\n\t\t\t\t<div class=\"elementor-widget-container\">\n\t\t\t\t\t\t\t\t\t<p>Postulaci\u00f3n<\/p>\t\t\t\t\t\t\t\t<\/div>\n\t\t\t\t<\/div>\n\t\t\t\t\t<\/div>\n\t\t<\/div>\n\t\t\t\t\t<\/div>\n\t\t<\/section>\n\t\t\t\t<section class=\"elementor-section elementor-top-section elementor-element elementor-element-3c0f7e73 elementor-section-boxed elementor-section-height-default elementor-section-height-default\" data-id=\"3c0f7e73\" data-element_type=\"section\">\n\t\t\t\t\t\t<div class=\"elementor-container elementor-column-gap-default\">\n\t\t\t\t\t<div class=\"elementor-column elementor-col-50 elementor-top-column elementor-element elementor-element-35442153\" data-id=\"35442153\" data-element_type=\"column\">\n\t\t\t<div class=\"elementor-widget-wrap elementor-element-populated\">\n\t\t\t\t\t\t<div class=\"elementor-element elementor-element-cfd1127 elementor-widget elementor-widget-text-editor\" data-id=\"cfd1127\" data-element_type=\"widget\" data-widget_type=\"text-editor.default\">\n\t\t\t\t<div class=\"elementor-widget-container\">\n\t\t\t\t\t\t\t\t\t<p><span><b>Candidaturas\u00a0para\u00a0nuevos<\/b>\u00a0<b>miemb<wbr \/>ros\u00a0de la Academia Joven de Colombia (AJC).<\/b><\/span><\/p><div>Esta convocatoria es de tipo<span>\u00a0<\/span><b>permanente<\/b>, sin embargo, la evaluaci\u00f3n de las candidaturas es<span>\u00a0<\/span><b>semestral<\/b>. A esta convocatoria se puede accede a trav\u00e9s de dos modalidades:\u00a0<\/div><ol start=\"1\"><li><div role=\"presentation\"><b>Postulaci\u00f3n<\/b>\u00a0<b>por\u00a0un\u00a0miembro\u00a0de la ACCEFYN y\/o de la AJC:<span>\u00a0<\/span><\/b>Antes de postular un candidato por favor revise la secci\u00f3n de estatutos, si consideran que el candidato cumple con los requisitos, les invitamos a enviar la carta de postulaci\u00f3n, acompa\u00f1ado de una carta de recomendaci\u00f3n profesional (emitida por alguien diferente a quien postula) y la hoja de vida al siguiente correo:<span>\u00a0<\/span><span style=\"color: #008080;\"><b><a href=\"mailto:academiajoven@accefyn.org.co\" target=\"_blank\" rel=\"noopener\" style=\"color: #008080;\">academiajoven@accefyn.org.co<\/a><\/b><\/span><\/div><div><div role=\"presentation\"><b>\u00a0<\/b><\/div><\/div><\/li><li><b>\u00a0Autopostulaci\u00f3n:<span>\u00a0<\/span><\/b>Antes de autopostularse a ser miembro de la AJC, les invitamos a verificar el cumplimiento de requisitos en la secci\u00f3n de estatutos. Si consideran que cumplen con ellos, por favor enviar los siguientes documentos para su postulaci\u00f3n: Carta de postulaci\u00f3n, dos cartas de recomendaci\u00f3n profesionales y la hoja de vida al siguiente correo:<span>\u00a0<\/span><span style=\"color: #008080;\"><b><a href=\"mailto:academiajoven@accefyn.org.co\" target=\"_blank\" rel=\"noopener\" style=\"color: #008080;\">academiajoven@accefyn.org.co<\/a><\/b><\/span><\/li><\/ol>\t\t\t\t\t\t\t\t<\/div>\n\t\t\t\t<\/div>\n\t\t\t\t\t<\/div>\n\t\t<\/div>\n\t\t\t\t<div class=\"elementor-column elementor-col-50 elementor-top-column elementor-element elementor-element-2ce98f45\" data-id=\"2ce98f45\" data-element_type=\"column\">\n\t\t\t<div class=\"elementor-widget-wrap elementor-element-populated\">\n\t\t\t\t\t\t<div class=\"elementor-element elementor-element-639d1ee0 elementor-widget elementor-widget-image\" data-id=\"639d1ee0\" data-element_type=\"widget\" data-widget_type=\"image.default\">\n\t\t\t\t<div class=\"elementor-widget-container\">\n\t\t\t\t\t\t\t\t\t\t\t\t\t\t\t<img fetchpriority=\"high\" decoding=\"async\" width=\"750\" height=\"394\" src=\"https:\/\/accefyn.org.co\/academia-joven\/wp-content\/uploads\/2025\/08\/posesion-nuevos-miembros-AJC-9-oct-2024.png\" class=\"attachment-large size-large wp-image-2792\" alt=\"\" srcset=\"https:\/\/accefyn.org.co\/academia-joven\/wp-content\/uploads\/2025\/08\/posesion-nuevos-miembros-AJC-9-oct-2024.png 1012w, https:\/\/accefyn.org.co\/academia-joven\/wp-content\/uploads\/2025\/08\/posesion-nuevos-miembros-AJC-9-oct-2024-300x158.png 300w, https:\/\/accefyn.org.co\/academia-joven\/wp-content\/uploads\/2025\/08\/posesion-nuevos-miembros-AJC-9-oct-2024-768x404.png 768w\" sizes=\"(max-width: 750px) 100vw, 750px\" \/>\t\t\t\t\t\t\t\t\t\t\t\t\t\t\t<\/div>\n\t\t\t\t<\/div>\n\t\t\t\t\t<\/div>\n\t\t<\/div>\n\t\t\t\t\t<\/div>\n\t\t<\/section>\n\t\t\t\t<section class=\"elementor-section elementor-top-section elementor-element elementor-element-2d86483f elementor-section-boxed elementor-section-height-default elementor-section-height-default\" data-id=\"2d86483f\" data-element_type=\"section\">\n\t\t\t\t\t\t<div class=\"elementor-container elementor-column-gap-default\">\n\t\t\t\t\t<div class=\"elementor-column elementor-col-100 elementor-top-column elementor-element elementor-element-6d52d7f8\" data-id=\"6d52d7f8\" data-element_type=\"column\">\n\t\t\t<div class=\"elementor-widget-wrap\">\n\t\t\t\t\t\t\t<\/div>\n\t\t<\/div>\n\t\t\t\t\t<\/div>\n\t\t<\/section>\n\t\t\t\t<section class=\"elementor-section elementor-top-section elementor-element elementor-element-2b8ffd27 elementor-section-boxed elementor-section-height-default elementor-section-height-default\" data-id=\"2b8ffd27\" data-element_type=\"section\">\n\t\t\t\t\t\t<div class=\"elementor-container elementor-column-gap-default\">\n\t\t\t\t\t<div class=\"elementor-column elementor-col-100 elementor-top-column elementor-element elementor-element-5f1c9f28\" data-id=\"5f1c9f28\" data-element_type=\"column\">\n\t\t\t<div class=\"elementor-widget-wrap elementor-element-populated\">\n\t\t\t\t\t\t<div class=\"elementor-element elementor-element-4e9b873b elementor-widget elementor-widget-image\" data-id=\"4e9b873b\" data-element_type=\"widget\" data-widget_type=\"image.default\">\n\t\t\t\t<div class=\"elementor-widget-container\">\n\t\t\t\t\t\t\t\t\t\t\t\t\t\t\t\t<a href=\"https:\/\/accefyn.org.co\/academia-joven\/wp-content\/uploads\/2025\/08\/infografias-acad-joven-colombia-postulacionX2-scaled.png\" data-elementor-open-lightbox=\"yes\" data-elementor-lightbox-title=\"infografias acad joven colombia-postulacionX2\" data-e-action-hash=\"#elementor-action%3Aaction%3Dlightbox%26settings%3DeyJpZCI6MjgzNSwidXJsIjoiaHR0cHM6XC9cL2FjY2VmeW4ub3JnLmNvXC9hY2FkZW1pYS1qb3Zlblwvd3AtY29udGVudFwvdXBsb2Fkc1wvMjAyNVwvMDhcL2luZm9ncmFmaWFzLWFjYWQtam92ZW4tY29sb21iaWEtcG9zdHVsYWNpb25YMi1zY2FsZWQucG5nIn0%3D\">\n\t\t\t\t\t\t\t<img decoding=\"async\" width=\"435\" height=\"1024\" src=\"https:\/\/accefyn.org.co\/academia-joven\/wp-content\/uploads\/2025\/08\/infografias-acad-joven-colombia-postulacionX2-435x1024.png\" class=\"attachment-large size-large wp-image-2835\" alt=\"\" srcset=\"https:\/\/accefyn.org.co\/academia-joven\/wp-content\/uploads\/2025\/08\/infografias-acad-joven-colombia-postulacionX2-435x1024.png 435w, https:\/\/accefyn.org.co\/academia-joven\/wp-content\/uploads\/2025\/08\/infografias-acad-joven-colombia-postulacionX2-127x300.png 127w, https:\/\/accefyn.org.co\/academia-joven\/wp-content\/uploads\/2025\/08\/infografias-acad-joven-colombia-postulacionX2-768x1807.png 768w, https:\/\/accefyn.org.co\/academia-joven\/wp-content\/uploads\/2025\/08\/infografias-acad-joven-colombia-postulacionX2-653x1536.png 653w, https:\/\/accefyn.org.co\/academia-joven\/wp-content\/uploads\/2025\/08\/infografias-acad-joven-colombia-postulacionX2-870x2048.png 870w, https:\/\/accefyn.org.co\/academia-joven\/wp-content\/uploads\/2025\/08\/infografias-acad-joven-colombia-postulacionX2-scaled.png 1088w\" sizes=\"(max-width: 435px) 100vw, 435px\" \/>\t\t\t\t\t\t\t\t<\/a>\n\t\t\t\t\t\t\t\t\t\t\t\t\t\t\t<\/div>\n\t\t\t\t<\/div>\n\t\t\t\t<div class=\"elementor-element elementor-element-67c9b9cd elementor-widget elementor-widget-spacer\" data-id=\"67c9b9cd\" data-element_type=\"widget\" data-widget_type=\"spacer.default\">\n\t\t\t\t<div class=\"elementor-widget-container\">\n\t\t\t\t\t\t\t<div class=\"elementor-spacer\">\n\t\t\t<div class=\"elementor-spacer-inner\"><\/div>\n\t\t<\/div>\n\t\t\t\t\t\t<\/div>\n\t\t\t\t<\/div>\n\t\t\t\t\t<\/div>\n\t\t<\/div>\n\t\t\t\t\t<\/div>\n\t\t<\/section>\n\t\t\t\t<\/div>\n\t\t","protected":false},"excerpt":{"rendered":"<p>Postulaci\u00f3n Candidaturas\u00a0para\u00a0nuevos\u00a0miembros\u00a0de la Academia Joven de Colombia (AJC). Esta convocatoria es de tipo\u00a0permanente, sin embargo, la evaluaci\u00f3n de las candidaturas es\u00a0semestral. A esta convocatoria se puede accede a trav\u00e9s de dos modalidades:\u00a0 Postulaci\u00f3n\u00a0por\u00a0un\u00a0miembro\u00a0de la ACCEFYN y\/o de la AJC:\u00a0Antes de postular un candidato por favor revise la secci\u00f3n de estatutos, [&hellip;]<\/p>\n","protected":false},"author":1,"featured_media":0,"parent":0,"menu_order":0,"comment_status":"closed","ping_status":"closed","template":"elementor_canvas","meta":{"_acf_changed":false,"footnotes":""},"class_list":["post-3840","page","type-page","status-publish","hentry"],"acf":[],"_links":{"self":[{"href":"https:\/\/accefyn.org.co\/academia-joven\/wp-json\/wp\/v2\/pages\/3840","targetHints":{"allow":["GET"]}}],"collection":[{"href":"https:\/\/accefyn.org.co\/academia-joven\/wp-json\/wp\/v2\/pages"}],"about":[{"href":"https:\/\/accefyn.org.co\/academia-joven\/wp-json\/wp\/v2\/types\/page"}],"author":[{"embeddable":true,"href":"https:\/\/accefyn.org.co\/academia-joven\/wp-json\/wp\/v2\/users\/1"}],"replies":[{"embeddable":true,"href":"https:\/\/accefyn.org.co\/academia-joven\/wp-json\/wp\/v2\/comments?post=3840"}],"version-history":[{"count":4,"href":"https:\/\/accefyn.org.co\/academia-joven\/wp-json\/wp\/v2\/pages\/3840\/revisions"}],"predecessor-version":[{"id":3844,"href":"https:\/\/accefyn.org.co\/academia-joven\/wp-json\/wp\/v2\/pages\/3840\/revisions\/3844"}],"wp:attachment":[{"href":"https:\/\/accefyn.org.co\/academia-joven\/wp-json\/wp\/v2\/media?parent=3840"}],"curies":[{"name":"wp","href":"https:\/\/api.w.org\/{rel}","templated":true}]}}