{"id":3832,"date":"2025-11-02T05:35:22","date_gmt":"2025-11-02T10:35:22","guid":{"rendered":"https:\/\/accefyn.org.co\/academia-joven\/?page_id=3832"},"modified":"2025-11-02T05:36:19","modified_gmt":"2025-11-02T10:36:19","slug":"lineas-misionales","status":"publish","type":"page","link":"https:\/\/accefyn.org.co\/academia-joven\/lineas-misionales\/","title":{"rendered":"l\u00edneas misionales"},"content":{"rendered":"\t\t<div data-elementor-type=\"wp-page\" data-elementor-id=\"3832\" class=\"elementor elementor-3832\" data-elementor-post-type=\"page\">\n\t\t\t\t\t\t<section class=\"elementor-section elementor-top-section elementor-element elementor-element-4e54dd8f elementor-section-boxed elementor-section-height-default elementor-section-height-default\" data-id=\"4e54dd8f\" data-element_type=\"section\">\n\t\t\t\t\t\t<div class=\"elementor-container elementor-column-gap-default\">\n\t\t\t\t\t<div class=\"elementor-column elementor-col-100 elementor-top-column elementor-element elementor-element-2a6828cd\" data-id=\"2a6828cd\" data-element_type=\"column\">\n\t\t\t<div class=\"elementor-widget-wrap elementor-element-populated\">\n\t\t\t\t\t\t<div class=\"elementor-element elementor-element-36324a9a elementor-widget elementor-widget-spacer\" data-id=\"36324a9a\" data-element_type=\"widget\" data-widget_type=\"spacer.default\">\n\t\t\t\t<div class=\"elementor-widget-container\">\n\t\t\t\t\t\t\t<div class=\"elementor-spacer\">\n\t\t\t<div class=\"elementor-spacer-inner\"><\/div>\n\t\t<\/div>\n\t\t\t\t\t\t<\/div>\n\t\t\t\t<\/div>\n\t\t\t\t<div class=\"elementor-element elementor-element-1e0bee10 elementor-widget elementor-widget-text-editor\" data-id=\"1e0bee10\" data-element_type=\"widget\" data-widget_type=\"text-editor.default\">\n\t\t\t\t<div class=\"elementor-widget-container\">\n\t\t\t\t\t\t\t\t\t<p><strong>L\u00edneas misionales<\/strong><\/p>\t\t\t\t\t\t\t\t<\/div>\n\t\t\t\t<\/div>\n\t\t\t\t\t<\/div>\n\t\t<\/div>\n\t\t\t\t\t<\/div>\n\t\t<\/section>\n\t\t\t\t<section class=\"elementor-section elementor-top-section elementor-element elementor-element-2589aa23 elementor-section-boxed elementor-section-height-default elementor-section-height-default\" data-id=\"2589aa23\" data-element_type=\"section\">\n\t\t\t\t\t\t<div class=\"elementor-container elementor-column-gap-default\">\n\t\t\t\t\t<div class=\"elementor-column elementor-col-100 elementor-top-column elementor-element elementor-element-1f6f1b1f\" data-id=\"1f6f1b1f\" data-element_type=\"column\">\n\t\t\t<div class=\"elementor-widget-wrap elementor-element-populated\">\n\t\t\t\t\t\t<div class=\"elementor-element elementor-element-78f0428a elementor-widget elementor-widget-text-editor\" data-id=\"78f0428a\" data-element_type=\"widget\" data-widget_type=\"text-editor.default\">\n\t\t\t\t<div class=\"elementor-widget-container\">\n\t\t\t\t\t\t\t\t\t<p>Con el fin de brindar nuevas perspectivas a la Academia Colombiana de Ciencias Exactas, F\u00edsicas y Naturales, la Academia Joven de Colombia se enfocar\u00e1 principalmente en las siguientes l\u00edneas misionales: divulgaci\u00f3n y promoci\u00f3n de la ciencia y la tecnolog\u00eda; intercambio interdisciplinario; pol\u00edtica cient\u00edfica; e inserci\u00f3n en la vida cient\u00edfica<\/p>\t\t\t\t\t\t\t\t<\/div>\n\t\t\t\t<\/div>\n\t\t\t\t\t<\/div>\n\t\t<\/div>\n\t\t\t\t\t<\/div>\n\t\t<\/section>\n\t\t\t\t<section class=\"elementor-section elementor-top-section elementor-element elementor-element-3e3b0969 elementor-section-boxed elementor-section-height-default elementor-section-height-default\" data-id=\"3e3b0969\" data-element_type=\"section\">\n\t\t\t\t\t\t<div class=\"elementor-container elementor-column-gap-default\">\n\t\t\t\t\t<div class=\"elementor-column elementor-col-100 elementor-top-column elementor-element elementor-element-551d7a94\" data-id=\"551d7a94\" data-element_type=\"column\">\n\t\t\t<div class=\"elementor-widget-wrap elementor-element-populated\">\n\t\t\t\t\t\t<div class=\"elementor-element elementor-element-1901ca5f elementor-widget__width-initial elementor-widget elementor-widget-html\" data-id=\"1901ca5f\" data-element_type=\"widget\" data-widget_type=\"html.default\">\n\t\t\t\t<div class=\"elementor-widget-container\">\n\t\t\t\t\t<iframe src=\"https:\/\/accefyn.org.co\/academia-joven\/lineas-misionales-comites\/story_html5.html\" width=\"720px\" height=\"600px\" frameborder=\"0\" style=\"-webkit-transform:scale(1);-moz-transform:scale(1); transform:scale(1);\"><\/iframe>\t\t\t\t<\/div>\n\t\t\t\t<\/div>\n\t\t\t\t\t<\/div>\n\t\t<\/div>\n\t\t\t\t\t<\/div>\n\t\t<\/section>\n\t\t\t\t<\/div>\n\t\t","protected":false},"excerpt":{"rendered":"<p>L\u00edneas misionales Con el fin de brindar nuevas perspectivas a la Academia Colombiana de Ciencias Exactas, F\u00edsicas y Naturales, la Academia Joven de Colombia se enfocar\u00e1 principalmente en las siguientes l\u00edneas misionales: divulgaci\u00f3n y promoci\u00f3n de la ciencia y la tecnolog\u00eda; intercambio interdisciplinario; pol\u00edtica cient\u00edfica; e inserci\u00f3n en la vida [&hellip;]<\/p>\n","protected":false},"author":1,"featured_media":0,"parent":0,"menu_order":0,"comment_status":"closed","ping_status":"closed","template":"elementor_canvas","meta":{"_acf_changed":false,"footnotes":""},"class_list":["post-3832","page","type-page","status-publish","hentry"],"acf":[],"_links":{"self":[{"href":"https:\/\/accefyn.org.co\/academia-joven\/wp-json\/wp\/v2\/pages\/3832","targetHints":{"allow":["GET"]}}],"collection":[{"href":"https:\/\/accefyn.org.co\/academia-joven\/wp-json\/wp\/v2\/pages"}],"about":[{"href":"https:\/\/accefyn.org.co\/academia-joven\/wp-json\/wp\/v2\/types\/page"}],"author":[{"embeddable":true,"href":"https:\/\/accefyn.org.co\/academia-joven\/wp-json\/wp\/v2\/users\/1"}],"replies":[{"embeddable":true,"href":"https:\/\/accefyn.org.co\/academia-joven\/wp-json\/wp\/v2\/comments?post=3832"}],"version-history":[{"count":4,"href":"https:\/\/accefyn.org.co\/academia-joven\/wp-json\/wp\/v2\/pages\/3832\/revisions"}],"predecessor-version":[{"id":3836,"href":"https:\/\/accefyn.org.co\/academia-joven\/wp-json\/wp\/v2\/pages\/3832\/revisions\/3836"}],"wp:attachment":[{"href":"https:\/\/accefyn.org.co\/academia-joven\/wp-json\/wp\/v2\/media?parent=3832"}],"curies":[{"name":"wp","href":"https:\/\/api.w.org\/{rel}","templated":true}]}}